{"id":8,"date":"2021-02-26T07:51:12","date_gmt":"2021-02-26T07:51:12","guid":{"rendered":"https:\/\/www.korimo.sk\/?page_id=8"},"modified":"2022-11-15T11:14:15","modified_gmt":"2022-11-15T11:14:15","slug":"kontakt","status":"publish","type":"page","link":"https:\/\/www.korimo.sk\/?page_id=8","title":{"rendered":"Kontakt"},"content":{"rendered":"\n<figure class=\"wp-block-table is-style-regular\"><table><tbody><tr><td>S\u00eddlo spolo\u010dnosti:<br><br><strong>KORIMO, s.r.o.<\/strong><br>Kaplna 330, 900 84 Kaplna<br>Slovensk\u00e1 republika<br>I\u010cO: 47390557<br>I\u010c DPH: SK2023843690 <\/td><td>Kontaktn\u00e1 osoba:<br><br>Ing. Richard Mozol\u00edk<br>mozolik@korimo.sk<br>+421 903 923 508<\/td><\/tr><tr><td>E-mail: info@korimo.sk<br>Telef\u00f3n: +421 903 923 508<\/td><td>LinkedIN: <a href=\"https:\/\/www.linkedin.com\/in\/korimo\">linkedin.com\/in\/korimo<\/a><\/td><\/tr><\/tbody><\/table><\/figure>\n","protected":false},"excerpt":{"rendered":"<p>S\u00eddlo spolo\u010dnosti: KORIMO, s.r.o.Kaplna 330, 900 84 KaplnaSlovensk\u00e1 republikaI\u010cO: 47390557I\u010c DPH: SK2023843690 Kontaktn\u00e1 osoba: Ing. Richard Mozol\u00edkmozolik@korimo.sk+421 903 923 508 E-mail: info@korimo.skTelef\u00f3n: +421 903 923 508 LinkedIN: linkedin.com\/in\/korimo<\/p>\n","protected":false},"author":1,"featured_media":0,"parent":0,"menu_order":0,"comment_status":"closed","ping_status":"closed","template":"","meta":{"zakra_sidebar_layout":"customizer","zakra_remove_content_margin":false,"zakra_sidebar":"customizer","zakra_transparent_header":"customizer","zakra_logo":0,"zakra_main_header_style":"default","zakra_menu_item_color":"","zakra_menu_item_hover_color":"","zakra_menu_item_active_color":"","zakra_menu_active_style":"","zakra_page_header":true,"footnotes":""},"class_list":["post-8","page","type-page","status-publish","hentry"],"_links":{"self":[{"href":"https:\/\/www.korimo.sk\/index.php?rest_route=\/wp\/v2\/pages\/8","targetHints":{"allow":["GET"]}}],"collection":[{"href":"https:\/\/www.korimo.sk\/index.php?rest_route=\/wp\/v2\/pages"}],"about":[{"href":"https:\/\/www.korimo.sk\/index.php?rest_route=\/wp\/v2\/types\/page"}],"author":[{"embeddable":true,"href":"https:\/\/www.korimo.sk\/index.php?rest_route=\/wp\/v2\/users\/1"}],"replies":[{"embeddable":true,"href":"https:\/\/www.korimo.sk\/index.php?rest_route=%2Fwp%2Fv2%2Fcomments&post=8"}],"version-history":[{"count":12,"href":"https:\/\/www.korimo.sk\/index.php?rest_route=\/wp\/v2\/pages\/8\/revisions"}],"predecessor-version":[{"id":195,"href":"https:\/\/www.korimo.sk\/index.php?rest_route=\/wp\/v2\/pages\/8\/revisions\/195"}],"wp:attachment":[{"href":"https:\/\/www.korimo.sk\/index.php?rest_route=%2Fwp%2Fv2%2Fmedia&parent=8"}],"curies":[{"name":"wp","href":"https:\/\/api.w.org\/{rel}","templated":true}]}}