{"id":48,"date":"2021-02-26T11:12:58","date_gmt":"2021-02-26T11:12:58","guid":{"rendered":"https:\/\/www.korimo.sk\/?page_id=48"},"modified":"2022-07-04T22:58:07","modified_gmt":"2022-07-04T22:58:07","slug":"kisters","status":"publish","type":"page","link":"https:\/\/www.korimo.sk\/?page_id=48","title":{"rendered":"Kisters"},"content":{"rendered":"\n<p>3DViewStation Desktop je v\u00fdkonn\u00fd prehliada\u010d nat\u00edvnych 3D CAD form\u00e1tov , ur\u010den\u00fd kon\u0161trukt\u00e9rom a v\u00fdvoj\u00e1rom, pr\u00edpadne obchodn\u00edkom a mana\u017e\u00e9rom, vyvinut\u00fd na prehliadanie 3D d\u00e1t a technickej dokument\u00e1cie, anal\u00fdzy na 3D d\u00e1tach a 3D publikovanie.<\/p>\n\n\n\n<p>Je vyu\u017eite\u013enu\u00fd pre obchod, kon\u0161trukciu, hodnotenie projektov, zmenov\u00fd mana\u017ement, pr\u00edpravu \u00faloh, v\u00fdrobu, technick\u00fa dokument\u00e1ciu a spolupr\u00e1cu.<\/p>\n\n\n\n<p>Je kompatibiln\u00fd s Windows platformou, t.z. desktop, notebook, tablet.<\/p>\n\n\n\n<p>Je mo\u017en\u00e9 ho nasadi\u0165 ako samostatn\u00e9 rie\u0161enie, alebo ako integrovan\u00e9 rie\u0161enie v PLM\/PDM\/ERP prostred\u00ed a in\u00fdch syst\u00e9moch.<\/p>\n","protected":false},"excerpt":{"rendered":"<p>3DViewStation Desktop je v\u00fdkonn\u00fd prehliada\u010d nat\u00edvnych 3D CAD form\u00e1tov , ur\u010den\u00fd kon\u0161trukt\u00e9rom a v\u00fdvoj\u00e1rom, pr\u00edpadne obchodn\u00edkom a mana\u017e\u00e9rom, vyvinut\u00fd na prehliadanie 3D d\u00e1t a technickej dokument\u00e1cie, anal\u00fdzy na 3D d\u00e1tach a 3D publikovanie. Je vyu\u017eite\u013enu\u00fd pre obchod, kon\u0161trukciu, hodnotenie projektov, zmenov\u00fd mana\u017ement, pr\u00edpravu \u00faloh, v\u00fdrobu, technick\u00fa dokument\u00e1ciu a spolupr\u00e1cu. Je kompatibiln\u00fd s Windows platformou, t.z. [&hellip;]<\/p>\n","protected":false},"author":1,"featured_media":0,"parent":0,"menu_order":0,"comment_status":"closed","ping_status":"closed","template":"page-templates\/pagebuilder.php","meta":{"zakra_sidebar_layout":"customizer","zakra_remove_content_margin":false,"zakra_sidebar":"customizer","zakra_transparent_header":"customizer","zakra_logo":0,"zakra_main_header_style":"default","zakra_menu_item_color":"","zakra_menu_item_hover_color":"","zakra_menu_item_active_color":"","zakra_menu_active_style":"","zakra_page_header":true,"footnotes":""},"class_list":["post-48","page","type-page","status-publish","hentry"],"_links":{"self":[{"href":"https:\/\/www.korimo.sk\/index.php?rest_route=\/wp\/v2\/pages\/48","targetHints":{"allow":["GET"]}}],"collection":[{"href":"https:\/\/www.korimo.sk\/index.php?rest_route=\/wp\/v2\/pages"}],"about":[{"href":"https:\/\/www.korimo.sk\/index.php?rest_route=\/wp\/v2\/types\/page"}],"author":[{"embeddable":true,"href":"https:\/\/www.korimo.sk\/index.php?rest_route=\/wp\/v2\/users\/1"}],"replies":[{"embeddable":true,"href":"https:\/\/www.korimo.sk\/index.php?rest_route=%2Fwp%2Fv2%2Fcomments&post=48"}],"version-history":[{"count":2,"href":"https:\/\/www.korimo.sk\/index.php?rest_route=\/wp\/v2\/pages\/48\/revisions"}],"predecessor-version":[{"id":157,"href":"https:\/\/www.korimo.sk\/index.php?rest_route=\/wp\/v2\/pages\/48\/revisions\/157"}],"wp:attachment":[{"href":"https:\/\/www.korimo.sk\/index.php?rest_route=%2Fwp%2Fv2%2Fmedia&parent=48"}],"curies":[{"name":"wp","href":"https:\/\/api.w.org\/{rel}","templated":true}]}}