{"id":46,"date":"2021-02-26T11:12:35","date_gmt":"2021-02-26T11:12:35","guid":{"rendered":"https:\/\/www.korimo.sk\/?page_id=46"},"modified":"2025-03-28T13:44:54","modified_gmt":"2025-03-28T13:44:54","slug":"sluzby","status":"publish","type":"page","link":"https:\/\/www.korimo.sk\/?page_id=46","title":{"rendered":"Slu\u017eby"},"content":{"rendered":"\n<p><strong>Kon\u0161truk\u010dn\u00e1 kancel\u00e1ria<\/strong><\/p>\n\n\n\n<p>Akt\u00edvne h\u013ead\u00e1me spolupr\u00e1cu v oblasti v\u00fdvojov\u00fdch a kon\u0161truk\u010dn\u00fdch \u00faloh v stroj\u00e1rstve. Vieme pracova\u0165 na cel\u00fdch projektoch, ako aj \u010diastkovo spolupracova\u0165 s \u010fal\u0161\u00edmi partnermi na v\u00e4\u010d\u0161\u00edch \u00faloh\u00e1ch. Disponujeme znalos\u0165ami, ktor\u00e9 zaru\u010duj\u00fa kvalitn\u00e9 splnenie zadan\u00fdch \u00faloh, vieme poskytn\u00fa\u0165 aj v\u00fdpomoc pri kapacitn\u00fdch probl\u00e9moch, zabezpe\u010di\u0165 pr\u00edpadne v\u00fdrobu. M\u00e1me vlastn\u00e9 HW a SW vybavenie pre okam\u017eit\u00e9 nasadenie.<\/p>\n\n\n\n<p>Ka\u017ed\u00fd projekt je pre n\u00e1s osobitn\u00fd a venujeme mu patri\u010dn\u00fa pozornos\u0165, aby z\u00e1kazn\u00edk bol s na\u0161\u00edm v\u00fdsledkom maxim\u00e1lne spokojn\u00fd.<\/p>\n\n\n\n<p>Softv\u00e9rovo (CAD syst\u00e9m) projekty rie\u0161ime v syst\u00e9me Solidworks za pomoci \u010fal\u0161\u00edch matematick\u00fdch v\u00fdpo\u010dt\u00e1rov a open source rie\u0161enia CAE Linux (komplexn\u00e1 v\u00fdpo\u010dtov\u00e1 platforma pre stroj\u00e1rsky priemysel). <\/p>\n\n\n\n<p><strong>Softv\u00e9rov\u00e9 rie\u0161enia na podporu kon\u0161trukcie\/v\u00fdvoja a v\u00fdroby<\/strong><\/p>\n\n\n\n<ul class=\"wp-block-list\">\n<li>Vizualiza\u010dn\u00e9 rie\u0161enie 3DViewStation Desktop: mutliCAD prehliada\u010d nat\u00edvnych CAD d\u00e1t (CATIA, Creo, NX, Solidworks, Solid Edge, Inventor, AutoCAD,&#8230;., v\u0161etky vektorov\u00e9 a rastrov\u00e9 form\u00e1ty + MS Office form\u00e1ty,&#8230;, anal\u00fdza CAD d\u00e1t (formy, odliatky, porovn\u00e1vanie CAD s\u00faborov: zmeny, konverzia do exchange form\u00e1tov, PMI podpora, IP a TechDoc pre CAD d\u00e1ta,&#8230;<\/li>\n\n\n\n<li>PDM\/PLM syst\u00e9m DDM CAD \/ Office na spr\u00e1vu kon\u0161truk\u010dn\u00fdch a v\u00fdvojov\u00fdch d\u00e1t zo syst\u00e9mov CREO (Pro\/ENGINEER), IronCAD, Solidworks, Solid Edge, AutoCAD, Autodesk Inventor. Riadenie zmenov\u00fdch konan\u00ed, \u017eivotn\u00e9 cykly v\u00fdrobku, spr\u00e1va non CAD d\u00e1t, ERP napojenie na firemn\u00fd syst\u00e9m,&#8230;.<\/li>\n<\/ul>\n\n\n\n<p><\/p>\n","protected":false},"excerpt":{"rendered":"<p>Kon\u0161truk\u010dn\u00e1 kancel\u00e1ria Akt\u00edvne h\u013ead\u00e1me spolupr\u00e1cu v oblasti v\u00fdvojov\u00fdch a kon\u0161truk\u010dn\u00fdch \u00faloh v stroj\u00e1rstve. Vieme pracova\u0165 na cel\u00fdch projektoch, ako aj \u010diastkovo spolupracova\u0165 s \u010fal\u0161\u00edmi partnermi na v\u00e4\u010d\u0161\u00edch \u00faloh\u00e1ch. Disponujeme znalos\u0165ami, ktor\u00e9 zaru\u010duj\u00fa kvalitn\u00e9 splnenie zadan\u00fdch \u00faloh, vieme poskytn\u00fa\u0165 aj v\u00fdpomoc pri kapacitn\u00fdch probl\u00e9moch, zabezpe\u010di\u0165 pr\u00edpadne v\u00fdrobu. M\u00e1me vlastn\u00e9 HW a SW vybavenie pre okam\u017eit\u00e9 nasadenie. [&hellip;]<\/p>\n","protected":false},"author":1,"featured_media":0,"parent":0,"menu_order":0,"comment_status":"closed","ping_status":"closed","template":"page-templates\/pagebuilder.php","meta":{"zakra_sidebar_layout":"customizer","zakra_remove_content_margin":false,"zakra_sidebar":"customizer","zakra_transparent_header":"customizer","zakra_logo":0,"zakra_main_header_style":"default","zakra_menu_item_color":"","zakra_menu_item_hover_color":"","zakra_menu_item_active_color":"","zakra_menu_active_style":"","zakra_page_header":true,"footnotes":""},"class_list":["post-46","page","type-page","status-publish","hentry"],"_links":{"self":[{"href":"https:\/\/www.korimo.sk\/index.php?rest_route=\/wp\/v2\/pages\/46","targetHints":{"allow":["GET"]}}],"collection":[{"href":"https:\/\/www.korimo.sk\/index.php?rest_route=\/wp\/v2\/pages"}],"about":[{"href":"https:\/\/www.korimo.sk\/index.php?rest_route=\/wp\/v2\/types\/page"}],"author":[{"embeddable":true,"href":"https:\/\/www.korimo.sk\/index.php?rest_route=\/wp\/v2\/users\/1"}],"replies":[{"embeddable":true,"href":"https:\/\/www.korimo.sk\/index.php?rest_route=%2Fwp%2Fv2%2Fcomments&post=46"}],"version-history":[{"count":5,"href":"https:\/\/www.korimo.sk\/index.php?rest_route=\/wp\/v2\/pages\/46\/revisions"}],"predecessor-version":[{"id":232,"href":"https:\/\/www.korimo.sk\/index.php?rest_route=\/wp\/v2\/pages\/46\/revisions\/232"}],"wp:attachment":[{"href":"https:\/\/www.korimo.sk\/index.php?rest_route=%2Fwp%2Fv2%2Fmedia&parent=46"}],"curies":[{"name":"wp","href":"https:\/\/api.w.org\/{rel}","templated":true}]}}