{"id":44,"date":"2021-02-26T11:12:13","date_gmt":"2021-02-26T11:12:13","guid":{"rendered":"https:\/\/www.korimo.sk\/?page_id=44"},"modified":"2025-03-28T13:46:07","modified_gmt":"2025-03-28T13:46:07","slug":"o-firme","status":"publish","type":"page","link":"https:\/\/www.korimo.sk\/?page_id=44","title":{"rendered":"O firme"},"content":{"rendered":"\n<p class=\"has-text-align-left has-medium-font-size\">Spolo\u010dnos\u0165 KORIMO, s.r.o. je etablovan\u00e1, dynamicky sa rozv\u00edjaj\u00faca firma v oblasti poskytovania slu\u017eieb &#8211; po\u010d\u00edta\u010dovej podpory v\u00fdvoja, kon\u0161truovania, hlavne pre stroj\u00e1rsky priemysel. Na\u0161e slu\u017eby v\u0161ak vieme aplikova\u0165 aj v in\u00fdch technick\u00fdch oblastiach. Aktivity rozv\u00edjame v 2 oblastiach:<br>&#8211; softv\u00e9rov\u00e9 rie\u0161enia pre podporu kon\u0161trukcie, v\u00fdvoja a v\u00fdroby (PDM\/PLM, prehliada\u010d CAD d\u00e1t, konverzia CAD d\u00e1t, anal\u00fdza CAD d\u00e1t, IP CAD d\u00e1t.<br>&#8211; kon\u0161truk\u010dno-v\u00fdvojov\u00e1 kancel\u00e1ria v oblasti v\u0161eobecn\u00e9ho stroj\u00e1rstva: pr\u00edpravky, jedno\u00fa\u010delov\u00e9 stroje a zariadenia, dopravn\u00edky a dopravn\u00e9 trate, moderniz\u00e1cia liniek, polo-automatiz\u00e1cia a automatiz\u00e1cia.<\/p>\n\n\n\n<p>Spolo\u010dnos\u0165 vznikla d\u00e1tumovo v septembri 2013, ale prv\u00e9 po\u010diatky jej vzniku existovali o nie\u010do sk\u00f4r a t\u00fdmto vznikom sme chceli len nadviaza\u0165 na mno\u017estvo dobr\u00fdch kontaktov a na\u0161e sk\u00fasenosti, ktor\u00e9 sme nadobudli v minulosti.<\/p>\n\n\n\n<p>Chceme na trhu poskytova\u0165 aj \u010fal\u0161ie softv\u00e9rov\u00e9 rie\u0161enia pre podporu kon\u0161truovania, v\u00fdroby a v\u00fdvoja, ktor\u00e9 dok\u00e1\u017eu nielen plnohodnotne konkurova\u0165 u\u017e zn\u00e1mej\u0161\u00edm produktom, ale navy\u0161e dok\u00e1\u017eu svojou funk\u010dnos\u0165ou, r\u00fdchlos\u0165ou a hlavne cenou poskytn\u00fa\u0165 z\u00e1kazn\u00edkovi aj viac, ako in\u00e9 konkuren\u010dn\u00e9 rie\u0161enia.<\/p>\n\n\n\n<p>Radi V\u00e1s presved\u010d\u00edme o kvalite na\u0161ich slu\u017eieb a rie\u0161en\u00ed. <\/p>\n","protected":false},"excerpt":{"rendered":"<p>Spolo\u010dnos\u0165 KORIMO, s.r.o. je etablovan\u00e1, dynamicky sa rozv\u00edjaj\u00faca firma v oblasti poskytovania slu\u017eieb &#8211; po\u010d\u00edta\u010dovej podpory v\u00fdvoja, kon\u0161truovania, hlavne pre stroj\u00e1rsky priemysel. Na\u0161e slu\u017eby v\u0161ak vieme aplikova\u0165 aj v in\u00fdch technick\u00fdch oblastiach. Aktivity rozv\u00edjame v 2 oblastiach:&#8211; softv\u00e9rov\u00e9 rie\u0161enia pre podporu kon\u0161trukcie, v\u00fdvoja a v\u00fdroby (PDM\/PLM, prehliada\u010d CAD d\u00e1t, konverzia CAD d\u00e1t, anal\u00fdza CAD d\u00e1t, [&hellip;]<\/p>\n","protected":false},"author":1,"featured_media":0,"parent":0,"menu_order":0,"comment_status":"closed","ping_status":"closed","template":"page-templates\/pagebuilder.php","meta":{"zakra_sidebar_layout":"customizer","zakra_remove_content_margin":false,"zakra_sidebar":"customizer","zakra_transparent_header":"customizer","zakra_logo":0,"zakra_main_header_style":"default","zakra_menu_item_color":"","zakra_menu_item_hover_color":"","zakra_menu_item_active_color":"","zakra_menu_active_style":"","zakra_page_header":true,"footnotes":""},"class_list":["post-44","page","type-page","status-publish","hentry"],"_links":{"self":[{"href":"https:\/\/www.korimo.sk\/index.php?rest_route=\/wp\/v2\/pages\/44","targetHints":{"allow":["GET"]}}],"collection":[{"href":"https:\/\/www.korimo.sk\/index.php?rest_route=\/wp\/v2\/pages"}],"about":[{"href":"https:\/\/www.korimo.sk\/index.php?rest_route=\/wp\/v2\/types\/page"}],"author":[{"embeddable":true,"href":"https:\/\/www.korimo.sk\/index.php?rest_route=\/wp\/v2\/users\/1"}],"replies":[{"embeddable":true,"href":"https:\/\/www.korimo.sk\/index.php?rest_route=%2Fwp%2Fv2%2Fcomments&post=44"}],"version-history":[{"count":11,"href":"https:\/\/www.korimo.sk\/index.php?rest_route=\/wp\/v2\/pages\/44\/revisions"}],"predecessor-version":[{"id":234,"href":"https:\/\/www.korimo.sk\/index.php?rest_route=\/wp\/v2\/pages\/44\/revisions\/234"}],"wp:attachment":[{"href":"https:\/\/www.korimo.sk\/index.php?rest_route=%2Fwp%2Fv2%2Fmedia&parent=44"}],"curies":[{"name":"wp","href":"https:\/\/api.w.org\/{rel}","templated":true}]}}